{"id":239,"date":"2025-09-18T10:17:01","date_gmt":"2025-09-18T10:17:01","guid":{"rendered":"https:\/\/vrtigo.hu\/?page_id=239"},"modified":"2025-10-21T06:50:21","modified_gmt":"2025-10-21T06:50:21","slug":"aszf","status":"publish","type":"page","link":"https:\/\/vrtigo.hu\/en\/aszf\/","title":{"rendered":"ASZF"},"content":{"rendered":"<div data-elementor-type=\"wp-page\" data-elementor-id=\"239\" class=\"elementor elementor-239\" data-elementor-post-type=\"page\">\n\t\t\t\t\t\t<section class=\"elementor-section elementor-top-section elementor-element elementor-element-51eb8b1e elementor-section-height-min-height elementor-section-items-stretch elementor-section-boxed elementor-section-height-default\" data-id=\"51eb8b1e\" data-element_type=\"section\" data-e-type=\"section\" data-settings=\"{&quot;background_background&quot;:&quot;classic&quot;}\">\n\t\t\t\t\t\t\t<div class=\"elementor-background-overlay\"><\/div>\n\t\t\t\t\t\t\t<div class=\"elementor-container elementor-column-gap-default\">\n\t\t\t\t\t<div class=\"elementor-column elementor-col-100 elementor-top-column elementor-element elementor-element-5771385f\" data-id=\"5771385f\" data-element_type=\"column\" data-e-type=\"column\">\n\t\t\t<div class=\"elementor-widget-wrap elementor-element-populated\">\n\t\t\t\t\t\t<div class=\"elementor-element elementor-element-26113c35 animated-slow elementor-invisible elementor-widget elementor-widget-heading\" data-id=\"26113c35\" data-element_type=\"widget\" data-e-type=\"widget\" data-settings=\"{&quot;_animation&quot;:&quot;fadeInDown&quot;}\" data-widget_type=\"heading.default\">\n\t\t\t\t<div class=\"elementor-widget-container\">\n\t\t\t\t\t<h6 class=\"elementor-heading-title elementor-size-default\">- General terms and conditions<\/h6>\t\t\t\t<\/div>\n\t\t\t\t<\/div>\n\t\t\t\t<div class=\"elementor-element elementor-element-3acb04f9 animated-slow elementor-invisible elementor-widget elementor-widget-heading\" data-id=\"3acb04f9\" data-element_type=\"widget\" data-e-type=\"widget\" data-settings=\"{&quot;_animation&quot;:&quot;fadeIn&quot;}\" data-widget_type=\"heading.default\">\n\t\t\t\t<div class=\"elementor-widget-container\">\n\t\t\t\t\t<h2 class=\"elementor-heading-title elementor-size-default\">GTC<\/h2>\t\t\t\t<\/div>\n\t\t\t\t<\/div>\n\t\t\t\t<div class=\"elementor-element elementor-element-5648764d animated-slow elementor-invisible elementor-widget elementor-widget-text-editor\" data-id=\"5648764d\" data-element_type=\"widget\" data-e-type=\"widget\" data-settings=\"{&quot;_animation&quot;:&quot;fadeInUp&quot;}\" data-widget_type=\"text-editor.default\">\n\t\t\t\t<div class=\"elementor-widget-container\">\n\t\t\t\t\t\t\t\t\t<h3 data-start=\"367\" data-end=\"396\"><strong data-start=\"371\" data-end=\"396\">1. Service provider details<\/strong><\/h3><p data-start=\"398\" data-end=\"787\"><strong data-start=\"398\" data-end=\"409\">Company name:<\/strong> SummerBoys Ltd.<br data-start=\"425\" data-end=\"428\" \/><strong data-start=\"428\" data-end=\"459\">Registered office and postal address:<\/strong> 1196 Budapest, Pet\u0151fi utca 199.<br data-start=\"491\" data-end=\"494\" \/><strong data-start=\"494\" data-end=\"513\">Company registration number:<\/strong> 01-09-445310<br data-start=\"526\" data-end=\"529\" \/><strong data-start=\"529\" data-end=\"541\">Tax number:<\/strong> 32837827-2-43<br data-start=\"555\" data-end=\"558\" \/><strong data-start=\"558\" data-end=\"583\">Statistical number sign:<\/strong> 32837827-9329-113-01<br data-start=\"604\" data-end=\"607\" \/><strong data-start=\"607\" data-end=\"626\">Bank account number:<\/strong> 10918001-00000132-17690007 (UniCredit Bank)<br data-start=\"670\" data-end=\"673\" \/><strong data-start=\"673\" data-end=\"687\">Representative:<\/strong> L\u00e1szl\u00f3 Ny\u00e1ri Managing Director<br data-start=\"710\" data-end=\"713\" \/><strong data-start=\"713\" data-end=\"729\">Phone number:<\/strong> +36 70 401 1419<br data-start=\"745\" data-end=\"748\" \/><strong data-start=\"748\" data-end=\"759\">E-mail:<\/strong> <a class=\"decorated-link cursor-pointer\" rel=\"noopener\" data-start=\"760\" data-end=\"785\">nyarilaszlo.das@gmail.com<\/a><\/p><hr data-start=\"789\" data-end=\"792\" \/><h3 data-start=\"794\" data-end=\"828\"><strong data-start=\"798\" data-end=\"828\">2. General provisions<\/strong><\/h3><p data-start=\"830\" data-end=\"1269\">2.1 These GTC apply to SummerBoys Kft (hereinafter: <strong data-start=\"881\" data-end=\"896\">Service provider<\/strong>) operated by <strong data-start=\"917\" data-end=\"928\">VR Tigo<\/strong> regulates the conditions for using the service and any online purchases.<br data-start=\"1022\" data-end=\"1025\" \/>2.2. By using the service, you are. <strong data-start=\"1064\" data-end=\"1079\">User<\/strong> accepts the provisions of these GTC.<br data-start=\"1118\" data-end=\"1121\" \/>2.3 The GTC apply to all natural and legal persons who use VR Tigo's services or make purchases through the website.<\/p><hr data-start=\"1271\" data-end=\"1274\" \/><h3 data-start=\"1276\" data-end=\"1308\"><strong data-start=\"1280\" data-end=\"1308\">3. Subject of the service<\/strong><\/h3><p data-start=\"1310\" data-end=\"1397\">3.1. A <strong data-start=\"1317\" data-end=\"1328\">VR Tigo<\/strong> a fun and playful service which provides:<\/p><ul data-start=\"1398\" data-end=\"1539\"><li data-start=\"1398\" data-end=\"1432\"><p data-start=\"1400\" data-end=\"1432\">VR gaming experience is available,<\/p><\/li><li data-start=\"1433\" data-end=\"1483\"><p data-start=\"1435\" data-end=\"1483\">PlayStation consoles and accessories are available for rent,<\/p><\/li><li data-start=\"1484\" data-end=\"1539\"><p data-start=\"1486\" data-end=\"1539\">related additional services are provided.<\/p><\/li><\/ul><p data-start=\"1541\" data-end=\"1605\">3.2. Location of the Service: <strong data-start=\"1572\" data-end=\"1605\">1196 Budapest, Pet\u0151fi utca 7.<\/strong><\/p><hr data-start=\"1607\" data-end=\"1610\" \/><h3 data-start=\"1612\" data-end=\"1655\"><strong data-start=\"1616\" data-end=\"1655\">4. Booking and conclusion of contract<\/strong><\/h3><p data-start=\"1657\" data-end=\"1967\">4.1 To use the service, you must book an appointment in advance (by phone, online or in person).<br data-start=\"1767\" data-end=\"1770\" \/>4.2. The contract of reservation <strong data-start=\"1798\" data-end=\"1820\">with confirmation<\/strong> and the <strong data-start=\"1826\" data-end=\"1848\">by paying a fee<\/strong> is created.<br data-start=\"1859\" data-end=\"1862\" \/>4.3. For guests arriving on site, the service is provided <strong data-start=\"1921\" data-end=\"1941\">spare capacity<\/strong> is provided subject to.<\/p><hr data-start=\"1969\" data-end=\"1972\" \/><h3 data-start=\"1974\" data-end=\"2025\"><strong data-start=\"1978\" data-end=\"2025\">5. Fees, payment and delivery terms<\/strong><\/h3><p data-start=\"2027\" data-end=\"2159\">5.1 The current prices are displayed on VR Tigo's official website and on site.<br data-start=\"2119\" data-end=\"2122\" \/>5.2. The service is chargeable:<\/p><ul data-start=\"2160\" data-end=\"2288\"><li data-start=\"2160\" data-end=\"2193\"><p data-start=\"2162\" data-end=\"2193\"><strong data-start=\"2162\" data-end=\"2190\">cash on the spot<\/strong>,<\/p><\/li><li data-start=\"2194\" data-end=\"2229\"><p data-start=\"2196\" data-end=\"2229\"><strong data-start=\"2196\" data-end=\"2226\">by credit card on the spot<\/strong>,<\/p><\/li><li data-start=\"2230\" data-end=\"2254\"><p data-start=\"2232\" data-end=\"2254\"><strong data-start=\"2232\" data-end=\"2251\">by advance payment<\/strong>,<\/p><\/li><li data-start=\"2255\" data-end=\"2288\"><p data-start=\"2257\" data-end=\"2288\"><strong data-start=\"2257\" data-end=\"2285\">online with Barion payment<\/strong>.<\/p><\/li><\/ul><p data-start=\"2290\" data-end=\"2670\">5.3. <strong data-start=\"2295\" data-end=\"2324\">Pay online with Barion:<\/strong><br data-start=\"2324\" data-end=\"2327\" \/>Online credit card and other payment methods are available on <strong data-start=\"2375\" data-end=\"2396\">Barion's system<\/strong> are implemented through.<br data-start=\"2422\" data-end=\"2425\" \/>No credit card or other payment information is passed to the merchant.<br data-start=\"2512\" data-end=\"2515\" \/>The service provider <strong data-start=\"2538\" data-end=\"2561\">Barion Payment Zrt.<\/strong>, a payment institution supervised by the Magyar Nemzeti Bank.<br data-start=\"2631\" data-end=\"2634\" \/>Licence number: <strong data-start=\"2649\" data-end=\"2670\">H-EN-I-1064\/2013.<\/strong><\/p><p data-start=\"2672\" data-end=\"2950\">5.4. The Service Provider shall inform you of all payments <strong data-start=\"2711\" data-end=\"2722\">invoice<\/strong> sets out.<br data-start=\"2732\" data-end=\"2735\" \/>5.5. Fulfillment of orders (delivery, if applicable) in most cases <strong data-start=\"2823\" data-end=\"2841\">1-5 working days<\/strong> happens inside.<br data-start=\"2857\" data-end=\"2860\" \/>In the case of on-site services, the confirmed date of the booking is considered as the date of fulfilment.<\/p><hr data-start=\"2952\" data-end=\"2955\" \/><h3 data-start=\"2957\" data-end=\"3010\"><strong data-start=\"2961\" data-end=\"3010\">6. Conditions for using the service<\/strong><\/h3><p data-start=\"3012\" data-end=\"3412\">6.1. Minimum age for access to the service <strong data-start=\"3064\" data-end=\"3073\">12 years<\/strong>.<br data-start=\"3074\" data-end=\"3077\" \/>Younger children only <strong data-start=\"3102\" data-end=\"3126\">with parental supervision<\/strong> can use.<br data-start=\"3141\" data-end=\"3144\" \/>6.2 The User shall use the equipment for its intended purpose.<br data-start=\"3217\" data-end=\"3220\" \/>6.3. <strong data-start=\"3225\" data-end=\"3234\">Tilos<\/strong> using the service while under the influence of alcohol or intoxicating substances.<br data-start=\"3304\" data-end=\"3307\" \/>6.4. For damage caused intentionally to the equipment, the User shall be liable for. <strong data-start=\"3371\" data-end=\"3402\">with full financial responsibility<\/strong> belong to.<\/p><hr data-start=\"3414\" data-end=\"3417\" \/><h3 data-start=\"3419\" data-end=\"3465\"><strong data-start=\"3423\" data-end=\"3465\">7. Right of withdrawal, cancellation and amendment<\/strong><\/h3><p data-start=\"3467\" data-end=\"3746\">7.1. The consumer is entitled, from the date of the online purchase. <strong data-start=\"3516\" data-end=\"3534\">within 14 days<\/strong> may withdraw from the contract without giving any reason on the basis of Government Decree 45\/2014 (II.26.).<br data-start=\"3619\" data-end=\"3622\" \/>The right of withdrawal cannot be exercised if the performance of the service has begun with the consumer's consent within 14 days.<\/p><p data-start=\"3748\" data-end=\"4153\">7.2. On-site reservation <strong data-start=\"3774\" data-end=\"3797\">once free of charge<\/strong> may be cancelled or modified if, at least <strong data-start=\"3875\" data-end=\"3888\">12 hours<\/strong> is indicated by the User.<br data-start=\"3909\" data-end=\"3912\" \/>7.3 In the event of cancellation within 12 hours or repeated modification, the Service Provider is entitled to charge the full price of the service.<br data-start=\"4036\" data-end=\"4039\" \/>7.4. If the User fails to appear and does not notify cancellation, the service fee shall be <strong data-start=\"4129\" data-end=\"4152\">non-refundable<\/strong>.<\/p><hr data-start=\"4155\" data-end=\"4158\" \/><h3 data-start=\"4160\" data-end=\"4191\"><strong data-start=\"4164\" data-end=\"4191\">8. Limitation of liability<\/strong><\/h3><p data-start=\"4193\" data-end=\"4536\">8.1 The Service Provider will do its utmost to ensure safe operation, but shall not be liable for accidents caused by the User's own fault.<br data-start=\"4323\" data-end=\"4326\" \/>8.2 The Service Provider shall not be liable for any damages resulting from temporary interruption of service (e.g. technical failure, maintenance).<br data-start=\"4458\" data-end=\"4461\" \/>8.3 The Service Provider is not liable for the consequences of force majeure.<\/p><hr data-start=\"4538\" data-end=\"4541\" \/><h3 data-start=\"4543\" data-end=\"4565\"><strong data-start=\"4547\" data-end=\"4565\">9. Data protection<\/strong><\/h3><p data-start=\"4567\" data-end=\"4836\">9.1 The Service Provider shall process the User's personal data solely for the purpose of providing the service and fulfilling its legal obligations.<br data-start=\"4710\" data-end=\"4713\" \/>9.2. The details of data processing are set out in the <strong data-start=\"4747\" data-end=\"4774\">Data Protection Notice<\/strong> which is available as a separate document on the website.<\/p><hr data-start=\"4838\" data-end=\"4841\" \/><h3 data-start=\"4843\" data-end=\"4890\"><strong data-start=\"4847\" data-end=\"4890\">10. Complaints handling and conciliation body<\/strong><\/h3><p data-start=\"4892\" data-end=\"5110\">10.1 The User may submit a complaint by e-mail or by post to the Service Provider's contact details.<br data-start=\"4988\" data-end=\"4991\" \/>10.2. If the complaint handling does not lead to a result, the User may <strong data-start=\"5062\" data-end=\"5097\">Budapest Conciliation Board<\/strong> you can contact.<\/p><p data-start=\"5112\" data-end=\"5297\"><strong data-start=\"5112\" data-end=\"5130\">Contact details:<\/strong><br data-start=\"5130\" data-end=\"5133\" \/>Address: 1016 Budapest, Krisztina krt. 99.<br data-start=\"5171\" data-end=\"5174\" \/>Phone: +36 1 488 2131<br data-start=\"5197\" data-end=\"5200\" \/>E-mail: <a class=\"decorated-link cursor-pointer\" rel=\"noopener\" data-start=\"5208\" data-end=\"5234\">bekelteto.testulet@bkik.hu<\/a><br data-start=\"5234\" data-end=\"5237\" \/>Website: <a class=\"decorated-link cursor-pointer\" target=\"_new\" rel=\"noopener\" data-start=\"5245\" data-end=\"5297\">https:\/\/bekeltet.bkik.hu<\/a><\/p><hr data-start=\"5299\" data-end=\"5302\" \/><h3 data-start=\"5304\" data-end=\"5334\"><strong data-start=\"5308\" data-end=\"5334\">11. Dispute resolution<\/strong><\/h3><p data-start=\"5336\" data-end=\"5518\">11.1 The Parties shall seek to settle disputes primarily by amicable means.<br data-start=\"5405\" data-end=\"5408\" \/>11.2. In the event of a dispute, the courts of the <strong data-start=\"5462\" data-end=\"5504\">Budapest XX., XXIII. District Court<\/strong> is responsible for.<\/p><hr data-start=\"5520\" data-end=\"5523\" \/><h3 data-start=\"5525\" data-end=\"5562\"><strong data-start=\"5529\" data-end=\"5562\">12. Details of the hosting provider<\/strong><\/h3><p data-start=\"5564\" data-end=\"5768\"><strong data-start=\"5564\" data-end=\"5575\">Company name:<\/strong> DEVBOX Ltd.<br data-start=\"5587\" data-end=\"5590\" \/><strong data-start=\"5590\" data-end=\"5603\">Seat:<\/strong> 7054 Tengelic, R\u00e1k\u00f3czi Ferenc u. 9.<br data-start=\"5639\" data-end=\"5642\" \/><strong data-start=\"5642\" data-end=\"5661\">Company registration number:<\/strong> 17-09-010568<br data-start=\"5674\" data-end=\"5677\" \/><strong data-start=\"5677\" data-end=\"5689\">Tax number:<\/strong> 25170605-2-17<br data-start=\"5703\" data-end=\"5706\" \/><strong data-start=\"5706\" data-end=\"5731\">Registration authority:<\/strong> Szeksz\u00e1rd Court of Justice of the General Court of Szeksz\u00e1rd<\/p><hr data-start=\"5770\" data-end=\"5773\" \/><p data-start=\"5775\" data-end=\"5830\"><strong data-start=\"5775\" data-end=\"5784\">Celt:<\/strong> Budapest, 18.09.2025.<br data-start=\"5808\" data-end=\"5811\" \/><strong data-start=\"5811\" data-end=\"5830\">SummerBoys Ltd.<\/strong><\/p>\t\t\t\t\t\t\t\t<\/div>\n\t\t\t\t<\/div>\n\t\t\t\t\t<\/div>\n\t\t<\/div>\n\t\t\t\t\t<\/div>\n\t\t<\/section>\n\t\t\t\t<\/div>","protected":false},"excerpt":{"rendered":"<p>- General Terms and Conditions GTCF 1.Service Provider details Company name: SummerBoys Kft.Registered office and postal address: 1196 Budapest, Pet\u0151fi utca 199.Company registration number: 01-09-445310Address number: 32837827-2-43Statistic number: 32837827-9329-113-01Bank account number: 10918001-00000132-17690007 (UniCredit Bank)Representative: L\u00e1szl\u00f3 Ny\u00e1ri, Managing DirectorTelephone number: +36 70 401 1419E-mail: nyarilaszlo.das@gmail.com 2. General Provisions 2.1.These GTC apply to the use of the VR Tigo service operated by SummerBoys Ltd.<\/p>","protected":false},"author":1,"featured_media":0,"parent":0,"menu_order":0,"comment_status":"closed","ping_status":"closed","template":"elementor_header_footer","meta":{"footnotes":""},"class_list":["post-239","page","type-page","status-publish","hentry"],"yoast_head":"<!-- This site is optimized with the Yoast SEO plugin v27.3 - https:\/\/yoast.com\/product\/yoast-seo-wordpress\/ -->\n<title>ASZF - vrtigo.hu<\/title>\n<meta name=\"robots\" content=\"index, follow, max-snippet:-1, max-image-preview:large, max-video-preview:-1\" \/>\n<link rel=\"canonical\" href=\"https:\/\/vrtigo.hu\/en\/aszf\/\" \/>\n<meta property=\"og:locale\" content=\"en_US\" \/>\n<meta property=\"og:type\" content=\"article\" \/>\n<meta property=\"og:title\" content=\"ASZF - vrtigo.hu\" \/>\n<meta property=\"og:description\" content=\"\u00b7 \u00c1ltal\u00e1nos Szerz\u0151d\u00e9si felt\u00e9telek \u00c1SZF 1. Szolg\u00e1ltat\u00f3 adatai C\u00e9gn\u00e9v: SummerBoys Kft.Sz\u00e9khely \u00e9s levelez\u00e9si c\u00edm: 1196 Budapest, Pet\u0151fi utca 199.C\u00e9gjegyz\u00e9ksz\u00e1m: 01-09-445310Ad\u00f3sz\u00e1m: 32837827-2-43Statisztikai sz\u00e1mjel: 32837827-9329-113-01Banksz\u00e1mlasz\u00e1m: 10918001-00000132-17690007 (UniCredit Bank)K\u00e9pvisel\u0151: Ny\u00e1ri L\u00e1szl\u00f3 \u00fcgyvezet\u0151Telefonsz\u00e1m: +36 70 401 1419E-mail: nyarilaszlo.das@gmail.com 2. \u00c1ltal\u00e1nos rendelkez\u00e9sek 2.1. Jelen \u00c1SZF a SummerBoys Kft. (a tov\u00e1bbiakban: Szolg\u00e1ltat\u00f3) \u00e1ltal \u00fczemeltetett VR Tigo szolg\u00e1ltat\u00e1s ig\u00e9nybev\u00e9tel\u00e9nek \u00e9s az esetleges [&hellip;]\" \/>\n<meta property=\"og:url\" content=\"https:\/\/vrtigo.hu\/en\/aszf\/\" \/>\n<meta property=\"og:site_name\" content=\"vrtigo.hu\" \/>\n<meta property=\"article:modified_time\" content=\"2025-10-21T06:50:21+00:00\" \/>\n<meta name=\"twitter:card\" content=\"summary_large_image\" \/>\n<meta name=\"twitter:label1\" content=\"Est. reading time\" \/>\n\t<meta name=\"twitter:data1\" content=\"4 minutes\" \/>\n<script type=\"application\/ld+json\" class=\"yoast-schema-graph\">{\"@context\":\"https:\\\/\\\/schema.org\",\"@graph\":[{\"@type\":\"WebPage\",\"@id\":\"https:\\\/\\\/vrtigo.hu\\\/aszf\\\/\",\"url\":\"https:\\\/\\\/vrtigo.hu\\\/aszf\\\/\",\"name\":\"ASZF - vrtigo.hu\",\"isPartOf\":{\"@id\":\"https:\\\/\\\/vrtigo.hu\\\/#website\"},\"datePublished\":\"2025-09-18T10:17:01+00:00\",\"dateModified\":\"2025-10-21T06:50:21+00:00\",\"breadcrumb\":{\"@id\":\"https:\\\/\\\/vrtigo.hu\\\/aszf\\\/#breadcrumb\"},\"inLanguage\":\"en-US\",\"potentialAction\":[{\"@type\":\"ReadAction\",\"target\":[\"https:\\\/\\\/vrtigo.hu\\\/aszf\\\/\"]}]},{\"@type\":\"BreadcrumbList\",\"@id\":\"https:\\\/\\\/vrtigo.hu\\\/aszf\\\/#breadcrumb\",\"itemListElement\":[{\"@type\":\"ListItem\",\"position\":1,\"name\":\"Home\",\"item\":\"https:\\\/\\\/vrtigo.hu\\\/\"},{\"@type\":\"ListItem\",\"position\":2,\"name\":\"ASZF\"}]},{\"@type\":\"WebSite\",\"@id\":\"https:\\\/\\\/vrtigo.hu\\\/#website\",\"url\":\"https:\\\/\\\/vrtigo.hu\\\/\",\"name\":\"vrtigo.hu\",\"description\":\"\",\"publisher\":{\"@id\":\"https:\\\/\\\/vrtigo.hu\\\/#organization\"},\"potentialAction\":[{\"@type\":\"SearchAction\",\"target\":{\"@type\":\"EntryPoint\",\"urlTemplate\":\"https:\\\/\\\/vrtigo.hu\\\/?s={search_term_string}\"},\"query-input\":{\"@type\":\"PropertyValueSpecification\",\"valueRequired\":true,\"valueName\":\"search_term_string\"}}],\"inLanguage\":\"en-US\"},{\"@type\":\"Organization\",\"@id\":\"https:\\\/\\\/vrtigo.hu\\\/#organization\",\"name\":\"vrtigo.hu\",\"url\":\"https:\\\/\\\/vrtigo.hu\\\/\",\"logo\":{\"@type\":\"ImageObject\",\"inLanguage\":\"en-US\",\"@id\":\"https:\\\/\\\/vrtigo.hu\\\/#\\\/schema\\\/logo\\\/image\\\/\",\"url\":\"https:\\\/\\\/vrtigo.hu\\\/wp-content\\\/uploads\\\/2025\\\/09\\\/horizontalis-egyszerusitett-logo-v1-1-1-e1758701594299.png\",\"contentUrl\":\"https:\\\/\\\/vrtigo.hu\\\/wp-content\\\/uploads\\\/2025\\\/09\\\/horizontalis-egyszerusitett-logo-v1-1-1-e1758701594299.png\",\"width\":1000,\"height\":247,\"caption\":\"vrtigo.hu\"},\"image\":{\"@id\":\"https:\\\/\\\/vrtigo.hu\\\/#\\\/schema\\\/logo\\\/image\\\/\"}}]}<\/script>\n<!-- \/ Yoast SEO plugin. -->","yoast_head_json":{"title":"ASZF - vrtigo.hu","robots":{"index":"index","follow":"follow","max-snippet":"max-snippet:-1","max-image-preview":"max-image-preview:large","max-video-preview":"max-video-preview:-1"},"canonical":"https:\/\/vrtigo.hu\/en\/aszf\/","og_locale":"en_US","og_type":"article","og_title":"ASZF - vrtigo.hu","og_description":"\u00b7 \u00c1ltal\u00e1nos Szerz\u0151d\u00e9si felt\u00e9telek \u00c1SZF 1. Szolg\u00e1ltat\u00f3 adatai C\u00e9gn\u00e9v: SummerBoys Kft.Sz\u00e9khely \u00e9s levelez\u00e9si c\u00edm: 1196 Budapest, Pet\u0151fi utca 199.C\u00e9gjegyz\u00e9ksz\u00e1m: 01-09-445310Ad\u00f3sz\u00e1m: 32837827-2-43Statisztikai sz\u00e1mjel: 32837827-9329-113-01Banksz\u00e1mlasz\u00e1m: 10918001-00000132-17690007 (UniCredit Bank)K\u00e9pvisel\u0151: Ny\u00e1ri L\u00e1szl\u00f3 \u00fcgyvezet\u0151Telefonsz\u00e1m: +36 70 401 1419E-mail: nyarilaszlo.das@gmail.com 2. \u00c1ltal\u00e1nos rendelkez\u00e9sek 2.1. Jelen \u00c1SZF a SummerBoys Kft. (a tov\u00e1bbiakban: Szolg\u00e1ltat\u00f3) \u00e1ltal \u00fczemeltetett VR Tigo szolg\u00e1ltat\u00e1s ig\u00e9nybev\u00e9tel\u00e9nek \u00e9s az esetleges [&hellip;]","og_url":"https:\/\/vrtigo.hu\/en\/aszf\/","og_site_name":"vrtigo.hu","article_modified_time":"2025-10-21T06:50:21+00:00","twitter_card":"summary_large_image","twitter_misc":{"Est. reading time":"4 minutes"},"schema":{"@context":"https:\/\/schema.org","@graph":[{"@type":"WebPage","@id":"https:\/\/vrtigo.hu\/aszf\/","url":"https:\/\/vrtigo.hu\/aszf\/","name":"ASZF - vrtigo.hu","isPartOf":{"@id":"https:\/\/vrtigo.hu\/#website"},"datePublished":"2025-09-18T10:17:01+00:00","dateModified":"2025-10-21T06:50:21+00:00","breadcrumb":{"@id":"https:\/\/vrtigo.hu\/aszf\/#breadcrumb"},"inLanguage":"en-US","potentialAction":[{"@type":"ReadAction","target":["https:\/\/vrtigo.hu\/aszf\/"]}]},{"@type":"BreadcrumbList","@id":"https:\/\/vrtigo.hu\/aszf\/#breadcrumb","itemListElement":[{"@type":"ListItem","position":1,"name":"Home","item":"https:\/\/vrtigo.hu\/"},{"@type":"ListItem","position":2,"name":"ASZF"}]},{"@type":"WebSite","@id":"https:\/\/vrtigo.hu\/#website","url":"https:\/\/vrtigo.hu\/","name":"vrtigo.hu","description":"","publisher":{"@id":"https:\/\/vrtigo.hu\/#organization"},"potentialAction":[{"@type":"SearchAction","target":{"@type":"EntryPoint","urlTemplate":"https:\/\/vrtigo.hu\/?s={search_term_string}"},"query-input":{"@type":"PropertyValueSpecification","valueRequired":true,"valueName":"search_term_string"}}],"inLanguage":"en-US"},{"@type":"Organization","@id":"https:\/\/vrtigo.hu\/#organization","name":"vrtigo.hu","url":"https:\/\/vrtigo.hu\/","logo":{"@type":"ImageObject","inLanguage":"en-US","@id":"https:\/\/vrtigo.hu\/#\/schema\/logo\/image\/","url":"https:\/\/vrtigo.hu\/wp-content\/uploads\/2025\/09\/horizontalis-egyszerusitett-logo-v1-1-1-e1758701594299.png","contentUrl":"https:\/\/vrtigo.hu\/wp-content\/uploads\/2025\/09\/horizontalis-egyszerusitett-logo-v1-1-1-e1758701594299.png","width":1000,"height":247,"caption":"vrtigo.hu"},"image":{"@id":"https:\/\/vrtigo.hu\/#\/schema\/logo\/image\/"}}]}},"_links":{"self":[{"href":"https:\/\/vrtigo.hu\/en\/wp-json\/wp\/v2\/pages\/239","targetHints":{"allow":["GET"]}}],"collection":[{"href":"https:\/\/vrtigo.hu\/en\/wp-json\/wp\/v2\/pages"}],"about":[{"href":"https:\/\/vrtigo.hu\/en\/wp-json\/wp\/v2\/types\/page"}],"author":[{"embeddable":true,"href":"https:\/\/vrtigo.hu\/en\/wp-json\/wp\/v2\/users\/1"}],"replies":[{"embeddable":true,"href":"https:\/\/vrtigo.hu\/en\/wp-json\/wp\/v2\/comments?post=239"}],"version-history":[{"count":16,"href":"https:\/\/vrtigo.hu\/en\/wp-json\/wp\/v2\/pages\/239\/revisions"}],"predecessor-version":[{"id":598,"href":"https:\/\/vrtigo.hu\/en\/wp-json\/wp\/v2\/pages\/239\/revisions\/598"}],"wp:attachment":[{"href":"https:\/\/vrtigo.hu\/en\/wp-json\/wp\/v2\/media?parent=239"}],"curies":[{"name":"wp","href":"https:\/\/api.w.org\/{rel}","templated":true}]}}