{"id":254,"date":"2025-09-18T10:44:50","date_gmt":"2025-09-18T10:44:50","guid":{"rendered":"https:\/\/vrtigo.hu\/?page_id=254"},"modified":"2025-10-09T11:54:14","modified_gmt":"2025-10-09T11:54:14","slug":"impresszum","status":"publish","type":"page","link":"https:\/\/vrtigo.hu\/en\/impresszum\/","title":{"rendered":"masthead"},"content":{"rendered":"<div data-elementor-type=\"wp-page\" data-elementor-id=\"254\" class=\"elementor elementor-254\" data-elementor-post-type=\"page\">\n\t\t\t\t\t\t<section class=\"elementor-section elementor-top-section elementor-element elementor-element-e16ef9e elementor-section-height-min-height elementor-section-items-stretch elementor-section-boxed elementor-section-height-default\" data-id=\"e16ef9e\" data-element_type=\"section\" data-e-type=\"section\" data-settings=\"{&quot;background_background&quot;:&quot;classic&quot;}\">\n\t\t\t\t\t\t\t<div class=\"elementor-background-overlay\"><\/div>\n\t\t\t\t\t\t\t<div class=\"elementor-container elementor-column-gap-default\">\n\t\t\t\t\t<div class=\"elementor-column elementor-col-100 elementor-top-column elementor-element elementor-element-a87ed3a\" data-id=\"a87ed3a\" data-element_type=\"column\" data-e-type=\"column\">\n\t\t\t<div class=\"elementor-widget-wrap elementor-element-populated\">\n\t\t\t\t\t\t<div class=\"elementor-element elementor-element-71fcea8 animated-slow elementor-invisible elementor-widget elementor-widget-heading\" data-id=\"71fcea8\" data-element_type=\"widget\" data-e-type=\"widget\" data-settings=\"{&quot;_animation&quot;:&quot;fadeIn&quot;}\" data-widget_type=\"heading.default\">\n\t\t\t\t<div class=\"elementor-widget-container\">\n\t\t\t\t\t<h2 class=\"elementor-heading-title elementor-size-default\">masthead<\/h2>\t\t\t\t<\/div>\n\t\t\t\t<\/div>\n\t\t\t\t<div class=\"elementor-element elementor-element-2d3d978 animated-slow elementor-invisible elementor-widget elementor-widget-text-editor\" data-id=\"2d3d978\" data-element_type=\"widget\" data-e-type=\"widget\" data-settings=\"{&quot;_animation&quot;:&quot;fadeInUp&quot;}\" data-widget_type=\"text-editor.default\">\n\t\t\t\t<div class=\"elementor-widget-container\">\n\t\t\t\t\t\t\t\t\t<p data-start=\"208\" data-end=\"232\"><strong data-start=\"208\" data-end=\"230\">Service provider details<\/strong><\/p><ul data-start=\"233\" data-end=\"541\"><li data-start=\"233\" data-end=\"264\"><p data-start=\"235\" data-end=\"264\">Company name: <strong data-start=\"243\" data-end=\"262\">SummerBoys Ltd.<\/strong><\/p><\/li><li data-start=\"265\" data-end=\"328\"><p data-start=\"267\" data-end=\"328\">Registered office and postal address: 1196 Budapest, Pet\u0151fi utca 199.<\/p><\/li><li data-start=\"329\" data-end=\"361\"><p data-start=\"331\" data-end=\"361\">Company registration number: 01-09-445310<\/p><\/li><li data-start=\"362\" data-end=\"388\"><p data-start=\"364\" data-end=\"388\">Tax number: 32837827-2-43<\/p><\/li><li data-start=\"389\" data-end=\"461\"><p data-start=\"391\" data-end=\"461\">Representatives: L\u00e1szl\u00f3 Ny\u00e1ri, managing director<\/p><\/li><li data-start=\"389\" data-end=\"461\"><p data-start=\"391\" data-end=\"461\">Public phone number: +36 70 401 1419<\/p><\/li><li data-start=\"504\" data-end=\"541\"><p data-start=\"506\" data-end=\"541\">E-mail: <a href=\"mailto:info@vrtigo.hu\" target=\"_blank\" rel=\"noopener\" data-link-card=\"true\">info@vrtigo.hu<\/a><\/p><\/li><\/ul><p data-start=\"543\" data-end=\"563\"><strong data-start=\"543\" data-end=\"561\">Bank account number<\/strong><\/p><ul data-start=\"564\" data-end=\"610\"><li data-start=\"564\" data-end=\"610\"><p data-start=\"566\" data-end=\"610\">UniCredit Bank: 10918001-00000132-17690007<\/p><\/li><\/ul><p data-start=\"612\" data-end=\"636\"><strong data-start=\"612\" data-end=\"634\">Hosting<\/strong><\/p><ul data-start=\"637\" data-end=\"835\"><li data-start=\"637\" data-end=\"664\"><p data-start=\"639\" data-end=\"664\">Company name: <strong data-start=\"647\" data-end=\"662\">DEVBOX Ltd.<\/strong><\/p><\/li><li data-start=\"665\" data-end=\"714\"><p data-start=\"667\" data-end=\"714\">Registered office: 7054 Tengelic, R\u00e1k\u00f3czi Ferenc u. 9.<\/p><\/li><li data-start=\"715\" data-end=\"747\"><p data-start=\"717\" data-end=\"747\">Company registration number: 17-09-010568<\/p><\/li><li data-start=\"748\" data-end=\"774\"><p data-start=\"750\" data-end=\"774\">Tax number: 25170605-2-17<\/p><\/li><li data-start=\"775\" data-end=\"835\"><p data-start=\"777\" data-end=\"835\">Registering authority: the Company Court of Szeksz\u00e1rd General Court<\/p><\/li><\/ul>\t\t\t\t\t\t\t\t<\/div>\n\t\t\t\t<\/div>\n\t\t\t\t\t<\/div>\n\t\t<\/div>\n\t\t\t\t\t<\/div>\n\t\t<\/section>\n\t\t\t\t<\/div>","protected":false},"excerpt":{"rendered":"<p>Imprint Service provider details Company name: SummerBoys Kft. Registered office and postal address: 1196 Budapest, Pet\u0151fi utca 199 Company registration number: 01-09-445310 Tax number: 32837827-2-43 Representatives: L\u00e1szl\u00f3 Ny\u00e1ri Managing Director Public phone number: +36 70 401 1419 E-mail: info@vrtigo.hu Bank account number UniCredit Bank: 10918001-00000132-17690007 Parking space provider Company name: DEVBOX Kft. Registered office: 7054 Tengelic, R\u00e1k\u00f3czi Ferenc u. 9.<\/p>","protected":false},"author":1,"featured_media":0,"parent":0,"menu_order":0,"comment_status":"closed","ping_status":"closed","template":"elementor_header_footer","meta":{"footnotes":""},"class_list":["post-254","page","type-page","status-publish","hentry"],"yoast_head":"<!-- This site is optimized with the Yoast SEO plugin v27.3 - https:\/\/yoast.com\/product\/yoast-seo-wordpress\/ -->\n<title>Impresszum - vrtigo.hu<\/title>\n<meta name=\"robots\" content=\"index, follow, max-snippet:-1, max-image-preview:large, max-video-preview:-1\" \/>\n<link rel=\"canonical\" href=\"https:\/\/vrtigo.hu\/en\/impresszum\/\" \/>\n<meta property=\"og:locale\" content=\"en_US\" \/>\n<meta property=\"og:type\" content=\"article\" \/>\n<meta property=\"og:title\" content=\"Impresszum - vrtigo.hu\" \/>\n<meta property=\"og:description\" content=\"Impresszum Szolg\u00e1ltat\u00f3 adatai C\u00e9gn\u00e9v: SummerBoys Kft. Sz\u00e9khely \u00e9s levelez\u00e9si c\u00edm: 1196 Budapest, Pet\u0151fi utca 199. C\u00e9gjegyz\u00e9ksz\u00e1m: 01-09-445310 Ad\u00f3sz\u00e1m: 32837827-2-43 K\u00e9pvisel\u0151k: Ny\u00e1ri L\u00e1szl\u00f3 \u00fcgyvezet\u0151 Publikus telefonsz\u00e1m: +36 70 401 1419 E-mail: info@vrtigo.hu Banksz\u00e1mlasz\u00e1m UniCredit Bank: 10918001-00000132-17690007 T\u00e1rhelyszolg\u00e1ltat\u00f3 C\u00e9gn\u00e9v: DEVBOX Kft. Sz\u00e9khely: 7054 Tengelic, R\u00e1k\u00f3czi Ferenc u. 9. C\u00e9gjegyz\u00e9ksz\u00e1m: 17-09-010568 Ad\u00f3sz\u00e1m: 25170605-2-17 Nyilv\u00e1ntart\u00f3 hat\u00f3s\u00e1g: Szeksz\u00e1rdi T\u00f6rv\u00e9nysz\u00e9k C\u00e9gb\u00edr\u00f3s\u00e1ga\" \/>\n<meta property=\"og:url\" content=\"https:\/\/vrtigo.hu\/en\/impresszum\/\" \/>\n<meta property=\"og:site_name\" content=\"vrtigo.hu\" \/>\n<meta property=\"article:modified_time\" content=\"2025-10-09T11:54:14+00:00\" \/>\n<meta name=\"twitter:card\" content=\"summary_large_image\" \/>\n<meta name=\"twitter:label1\" content=\"Est. reading time\" \/>\n\t<meta name=\"twitter:data1\" content=\"1 minute\" \/>\n<script type=\"application\/ld+json\" class=\"yoast-schema-graph\">{\"@context\":\"https:\\\/\\\/schema.org\",\"@graph\":[{\"@type\":\"WebPage\",\"@id\":\"https:\\\/\\\/vrtigo.hu\\\/impresszum\\\/\",\"url\":\"https:\\\/\\\/vrtigo.hu\\\/impresszum\\\/\",\"name\":\"Impresszum - vrtigo.hu\",\"isPartOf\":{\"@id\":\"https:\\\/\\\/vrtigo.hu\\\/#website\"},\"datePublished\":\"2025-09-18T10:44:50+00:00\",\"dateModified\":\"2025-10-09T11:54:14+00:00\",\"breadcrumb\":{\"@id\":\"https:\\\/\\\/vrtigo.hu\\\/impresszum\\\/#breadcrumb\"},\"inLanguage\":\"en-US\",\"potentialAction\":[{\"@type\":\"ReadAction\",\"target\":[\"https:\\\/\\\/vrtigo.hu\\\/impresszum\\\/\"]}]},{\"@type\":\"BreadcrumbList\",\"@id\":\"https:\\\/\\\/vrtigo.hu\\\/impresszum\\\/#breadcrumb\",\"itemListElement\":[{\"@type\":\"ListItem\",\"position\":1,\"name\":\"Home\",\"item\":\"https:\\\/\\\/vrtigo.hu\\\/\"},{\"@type\":\"ListItem\",\"position\":2,\"name\":\"Impresszum\"}]},{\"@type\":\"WebSite\",\"@id\":\"https:\\\/\\\/vrtigo.hu\\\/#website\",\"url\":\"https:\\\/\\\/vrtigo.hu\\\/\",\"name\":\"vrtigo.hu\",\"description\":\"\",\"publisher\":{\"@id\":\"https:\\\/\\\/vrtigo.hu\\\/#organization\"},\"potentialAction\":[{\"@type\":\"SearchAction\",\"target\":{\"@type\":\"EntryPoint\",\"urlTemplate\":\"https:\\\/\\\/vrtigo.hu\\\/?s={search_term_string}\"},\"query-input\":{\"@type\":\"PropertyValueSpecification\",\"valueRequired\":true,\"valueName\":\"search_term_string\"}}],\"inLanguage\":\"en-US\"},{\"@type\":\"Organization\",\"@id\":\"https:\\\/\\\/vrtigo.hu\\\/#organization\",\"name\":\"vrtigo.hu\",\"url\":\"https:\\\/\\\/vrtigo.hu\\\/\",\"logo\":{\"@type\":\"ImageObject\",\"inLanguage\":\"en-US\",\"@id\":\"https:\\\/\\\/vrtigo.hu\\\/#\\\/schema\\\/logo\\\/image\\\/\",\"url\":\"https:\\\/\\\/vrtigo.hu\\\/wp-content\\\/uploads\\\/2025\\\/09\\\/horizontalis-egyszerusitett-logo-v1-1-1-e1758701594299.png\",\"contentUrl\":\"https:\\\/\\\/vrtigo.hu\\\/wp-content\\\/uploads\\\/2025\\\/09\\\/horizontalis-egyszerusitett-logo-v1-1-1-e1758701594299.png\",\"width\":1000,\"height\":247,\"caption\":\"vrtigo.hu\"},\"image\":{\"@id\":\"https:\\\/\\\/vrtigo.hu\\\/#\\\/schema\\\/logo\\\/image\\\/\"}}]}<\/script>\n<!-- \/ Yoast SEO plugin. -->","yoast_head_json":{"title":"Impresszum - vrtigo.hu","robots":{"index":"index","follow":"follow","max-snippet":"max-snippet:-1","max-image-preview":"max-image-preview:large","max-video-preview":"max-video-preview:-1"},"canonical":"https:\/\/vrtigo.hu\/en\/impresszum\/","og_locale":"en_US","og_type":"article","og_title":"Impresszum - vrtigo.hu","og_description":"Impresszum Szolg\u00e1ltat\u00f3 adatai C\u00e9gn\u00e9v: SummerBoys Kft. Sz\u00e9khely \u00e9s levelez\u00e9si c\u00edm: 1196 Budapest, Pet\u0151fi utca 199. C\u00e9gjegyz\u00e9ksz\u00e1m: 01-09-445310 Ad\u00f3sz\u00e1m: 32837827-2-43 K\u00e9pvisel\u0151k: Ny\u00e1ri L\u00e1szl\u00f3 \u00fcgyvezet\u0151 Publikus telefonsz\u00e1m: +36 70 401 1419 E-mail: info@vrtigo.hu Banksz\u00e1mlasz\u00e1m UniCredit Bank: 10918001-00000132-17690007 T\u00e1rhelyszolg\u00e1ltat\u00f3 C\u00e9gn\u00e9v: DEVBOX Kft. Sz\u00e9khely: 7054 Tengelic, R\u00e1k\u00f3czi Ferenc u. 9. C\u00e9gjegyz\u00e9ksz\u00e1m: 17-09-010568 Ad\u00f3sz\u00e1m: 25170605-2-17 Nyilv\u00e1ntart\u00f3 hat\u00f3s\u00e1g: Szeksz\u00e1rdi T\u00f6rv\u00e9nysz\u00e9k C\u00e9gb\u00edr\u00f3s\u00e1ga","og_url":"https:\/\/vrtigo.hu\/en\/impresszum\/","og_site_name":"vrtigo.hu","article_modified_time":"2025-10-09T11:54:14+00:00","twitter_card":"summary_large_image","twitter_misc":{"Est. reading time":"1 minute"},"schema":{"@context":"https:\/\/schema.org","@graph":[{"@type":"WebPage","@id":"https:\/\/vrtigo.hu\/impresszum\/","url":"https:\/\/vrtigo.hu\/impresszum\/","name":"Impresszum - vrtigo.hu","isPartOf":{"@id":"https:\/\/vrtigo.hu\/#website"},"datePublished":"2025-09-18T10:44:50+00:00","dateModified":"2025-10-09T11:54:14+00:00","breadcrumb":{"@id":"https:\/\/vrtigo.hu\/impresszum\/#breadcrumb"},"inLanguage":"en-US","potentialAction":[{"@type":"ReadAction","target":["https:\/\/vrtigo.hu\/impresszum\/"]}]},{"@type":"BreadcrumbList","@id":"https:\/\/vrtigo.hu\/impresszum\/#breadcrumb","itemListElement":[{"@type":"ListItem","position":1,"name":"Home","item":"https:\/\/vrtigo.hu\/"},{"@type":"ListItem","position":2,"name":"Impresszum"}]},{"@type":"WebSite","@id":"https:\/\/vrtigo.hu\/#website","url":"https:\/\/vrtigo.hu\/","name":"vrtigo.hu","description":"","publisher":{"@id":"https:\/\/vrtigo.hu\/#organization"},"potentialAction":[{"@type":"SearchAction","target":{"@type":"EntryPoint","urlTemplate":"https:\/\/vrtigo.hu\/?s={search_term_string}"},"query-input":{"@type":"PropertyValueSpecification","valueRequired":true,"valueName":"search_term_string"}}],"inLanguage":"en-US"},{"@type":"Organization","@id":"https:\/\/vrtigo.hu\/#organization","name":"vrtigo.hu","url":"https:\/\/vrtigo.hu\/","logo":{"@type":"ImageObject","inLanguage":"en-US","@id":"https:\/\/vrtigo.hu\/#\/schema\/logo\/image\/","url":"https:\/\/vrtigo.hu\/wp-content\/uploads\/2025\/09\/horizontalis-egyszerusitett-logo-v1-1-1-e1758701594299.png","contentUrl":"https:\/\/vrtigo.hu\/wp-content\/uploads\/2025\/09\/horizontalis-egyszerusitett-logo-v1-1-1-e1758701594299.png","width":1000,"height":247,"caption":"vrtigo.hu"},"image":{"@id":"https:\/\/vrtigo.hu\/#\/schema\/logo\/image\/"}}]}},"_links":{"self":[{"href":"https:\/\/vrtigo.hu\/en\/wp-json\/wp\/v2\/pages\/254","targetHints":{"allow":["GET"]}}],"collection":[{"href":"https:\/\/vrtigo.hu\/en\/wp-json\/wp\/v2\/pages"}],"about":[{"href":"https:\/\/vrtigo.hu\/en\/wp-json\/wp\/v2\/types\/page"}],"author":[{"embeddable":true,"href":"https:\/\/vrtigo.hu\/en\/wp-json\/wp\/v2\/users\/1"}],"replies":[{"embeddable":true,"href":"https:\/\/vrtigo.hu\/en\/wp-json\/wp\/v2\/comments?post=254"}],"version-history":[{"count":10,"href":"https:\/\/vrtigo.hu\/en\/wp-json\/wp\/v2\/pages\/254\/revisions"}],"predecessor-version":[{"id":521,"href":"https:\/\/vrtigo.hu\/en\/wp-json\/wp\/v2\/pages\/254\/revisions\/521"}],"wp:attachment":[{"href":"https:\/\/vrtigo.hu\/en\/wp-json\/wp\/v2\/media?parent=254"}],"curies":[{"name":"wp","href":"https:\/\/api.w.org\/{rel}","templated":true}]}}