{"id":351,"date":"2025-09-26T10:04:03","date_gmt":"2025-09-26T10:04:03","guid":{"rendered":"https:\/\/vrtigo.hu\/?page_id=351"},"modified":"2025-12-02T23:54:07","modified_gmt":"2025-12-02T23:54:07","slug":"vader-immortal-episode-iii","status":"publish","type":"page","link":"https:\/\/vrtigo.hu\/en\/vader-immortal-episode-iii\/","title":{"rendered":"Vader Immortal: Episode III"},"content":{"rendered":"<div data-elementor-type=\"wp-page\" data-elementor-id=\"351\" class=\"elementor elementor-351\" data-elementor-post-type=\"page\">\n\t\t\t\t\t\t<section class=\"elementor-section elementor-top-section elementor-element elementor-element-3b14c270 elementor-section-boxed elementor-section-height-default elementor-section-height-default\" data-id=\"3b14c270\" data-element_type=\"section\" data-e-type=\"section\">\n\t\t\t\t\t\t<div class=\"elementor-container elementor-column-gap-default\">\n\t\t\t\t\t<div class=\"elementor-column elementor-col-50 elementor-top-column elementor-element elementor-element-6cdf6df2\" data-id=\"6cdf6df2\" data-element_type=\"column\" data-e-type=\"column\">\n\t\t\t<div class=\"elementor-widget-wrap elementor-element-populated\">\n\t\t\t\t\t\t<div class=\"elementor-element elementor-element-9e2e4dc elementor-widget elementor-widget-video\" data-id=\"9e2e4dc\" data-element_type=\"widget\" data-e-type=\"widget\" data-settings=\"{&quot;youtube_url&quot;:&quot;https:\\\/\\\/www.youtube.com\\\/watch?v=BLG5Bgwe6J8&quot;,&quot;video_type&quot;:&quot;youtube&quot;,&quot;controls&quot;:&quot;yes&quot;}\" data-widget_type=\"video.default\">\n\t\t\t\t<div class=\"elementor-widget-container\">\n\t\t\t\t\t\t\t<div class=\"elementor-wrapper elementor-open-inline\">\n\t\t\t<div class=\"elementor-video\"><\/div>\t\t<\/div>\n\t\t\t\t\t\t<\/div>\n\t\t\t\t<\/div>\n\t\t\t\t<div class=\"elementor-element elementor-element-64936ca elementor-widget elementor-widget-text-editor\" data-id=\"64936ca\" data-element_type=\"widget\" data-e-type=\"widget\" data-widget_type=\"text-editor.default\">\n\t\t\t\t<div class=\"elementor-widget-container\">\n\t\t\t\t\t\t\t\t\t<p>Vader Immortal: A Star Wars VR Series - Episode III<\/p>\t\t\t\t\t\t\t\t<\/div>\n\t\t\t\t<\/div>\n\t\t\t\t<div class=\"elementor-element elementor-element-6bfa0110 elementor-widget elementor-widget-text-editor\" data-id=\"6bfa0110\" data-element_type=\"widget\" data-e-type=\"widget\" data-widget_type=\"text-editor.default\">\n\t\t\t\t<div class=\"elementor-widget-container\">\n\t\t\t\t\t\t\t\t\t<h3 data-start=\"362\" data-end=\"379\">Game description<\/h3><p data-start=\"380\" data-end=\"817\">Immerse yourself in the world of Star Wars and complete your ultimate mission in the <strong data-start=\"445\" data-end=\"497\">Vader Immortal: A Star Wars Series - Episode III<\/strong> episode! With an ancient lightsaber at your side and the support of the Force, you can gather an army and launch an all-out assault on Darth Vader's fortress.<br data-start=\"642\" data-end=\"645\" \/>Face off against stormtrooper legions and a vengeful Imperial officer, then engage in a heartbreaking lightsaber duel with the Dark Lord himself that will decide the fate of Mustafar.<\/p>\t\t\t\t\t\t\t\t<\/div>\n\t\t\t\t<\/div>\n\t\t\t\t<section class=\"elementor-section elementor-inner-section elementor-element elementor-element-485e496b elementor-section-boxed elementor-section-height-default elementor-section-height-default\" data-id=\"485e496b\" data-element_type=\"section\" data-e-type=\"section\">\n\t\t\t\t\t\t<div class=\"elementor-container elementor-column-gap-default\">\n\t\t\t\t\t<div class=\"elementor-column elementor-col-50 elementor-inner-column elementor-element elementor-element-2ee1b374\" data-id=\"2ee1b374\" data-element_type=\"column\" data-e-type=\"column\">\n\t\t\t<div class=\"elementor-widget-wrap elementor-element-populated\">\n\t\t\t\t\t\t<div class=\"elementor-element elementor-element-4f3e110c elementor-widget elementor-widget-image\" data-id=\"4f3e110c\" data-element_type=\"widget\" data-e-type=\"widget\" data-widget_type=\"image.default\">\n\t\t\t\t<div class=\"elementor-widget-container\">\n\t\t\t\t\t\t\t\t\t\t\t\t\t\t\t<img fetchpriority=\"high\" decoding=\"async\" width=\"582\" height=\"375\" src=\"https:\/\/vrtigo.hu\/wp-content\/uploads\/2025\/08\/Quote-Icon1.png\" class=\"attachment-full size-full wp-image-77\" alt=\"\" srcset=\"https:\/\/vrtigo.hu\/wp-content\/uploads\/2025\/08\/Quote-Icon1.png 582w, https:\/\/vrtigo.hu\/wp-content\/uploads\/2025\/08\/Quote-Icon1-300x193.png 300w\" sizes=\"(max-width: 582px) 100vw, 582px\" \/>\t\t\t\t\t\t\t\t\t\t\t\t\t\t\t<\/div>\n\t\t\t\t<\/div>\n\t\t\t\t\t<\/div>\n\t\t<\/div>\n\t\t\t\t<div class=\"elementor-column elementor-col-50 elementor-inner-column elementor-element elementor-element-37638372\" data-id=\"37638372\" data-element_type=\"column\" data-e-type=\"column\">\n\t\t\t<div class=\"elementor-widget-wrap elementor-element-populated\">\n\t\t\t\t\t\t<div class=\"elementor-element elementor-element-6068bd57 elementor-widget elementor-widget-text-editor\" data-id=\"6068bd57\" data-element_type=\"widget\" data-e-type=\"widget\" data-widget_type=\"text-editor.default\">\n\t\t\t\t<div class=\"elementor-widget-container\">\n\t\t\t\t\t\t\t\t\t<p>Main features<\/p>\t\t\t\t\t\t\t\t<\/div>\n\t\t\t\t<\/div>\n\t\t\t\t\t<\/div>\n\t\t<\/div>\n\t\t\t\t\t<\/div>\n\t\t<\/section>\n\t\t\t\t<div class=\"elementor-element elementor-element-69e48974 elementor-widget elementor-widget-text-editor\" data-id=\"69e48974\" data-element_type=\"widget\" data-e-type=\"widget\" data-widget_type=\"text-editor.default\">\n\t\t\t\t<div class=\"elementor-widget-container\">\n\t\t\t\t\t\t\t\t\t<ul><li data-start=\"836\" data-end=\"877\"><p data-start=\"838\" data-end=\"877\"><strong data-start=\"838\" data-end=\"848\">Genre:<\/strong> Role playing (Role playing)<\/p><\/li><li data-start=\"878\" data-end=\"906\"><p data-start=\"880\" data-end=\"906\"><strong data-start=\"880\" data-end=\"893\">Game mode:<\/strong> Single player<\/p><\/li><li data-start=\"907\" data-end=\"961\"><p data-start=\"909\" data-end=\"961\"><strong data-start=\"909\" data-end=\"936\">Supported play style:<\/strong> Standing, sitting, Roomscale<\/p><\/li><li data-start=\"962\" data-end=\"1004\"><p data-start=\"964\" data-end=\"1004\"><strong data-start=\"964\" data-end=\"978\">Management:<\/strong> Meta Touch controllers<\/p><\/li><li data-start=\"1005\" data-end=\"1049\"><p data-start=\"1007\" data-end=\"1049\"><strong data-start=\"1007\" data-end=\"1022\">Platforms:<\/strong> Meta Quest 2, 3, 3S, Pro<\/p><\/li><li data-start=\"1050\" data-end=\"1128\"><p data-start=\"1052\" data-end=\"1128\"><strong data-start=\"1052\" data-end=\"1064\">Languages:<\/strong> English, French, German, Italian, Japanese, Korean, Spanish (Mexico)<\/p><\/li><li data-start=\"1203\" data-end=\"1248\"><p data-start=\"1205\" data-end=\"1248\"><strong data-start=\"1205\" data-end=\"1227\">Date of publication:<\/strong> 21 November 2019.<\/p><\/li><li data-start=\"1319\" data-end=\"1365\"><p data-start=\"1321\" data-end=\"1365\"><strong data-start=\"1321\" data-end=\"1339\">Comfort level:<\/strong> Comfortable<\/p><\/li><\/ul>\t\t\t\t\t\t\t\t<\/div>\n\t\t\t\t<\/div>\n\t\t\t\t\t<\/div>\n\t\t<\/div>\n\t\t\t\t<div class=\"elementor-column elementor-col-50 elementor-top-column elementor-element elementor-element-2ab3e593\" data-id=\"2ab3e593\" data-element_type=\"column\" data-e-type=\"column\">\n\t\t\t<div class=\"elementor-widget-wrap elementor-element-populated\">\n\t\t\t\t\t\t<div class=\"elementor-element elementor-element-ca50b42 elementor-widget elementor-widget-gallery\" data-id=\"ca50b42\" data-element_type=\"widget\" data-e-type=\"widget\" data-settings=\"{&quot;columns&quot;:1,&quot;lazyload&quot;:&quot;yes&quot;,&quot;gallery_layout&quot;:&quot;grid&quot;,&quot;columns_tablet&quot;:2,&quot;columns_mobile&quot;:1,&quot;gap&quot;:{&quot;unit&quot;:&quot;px&quot;,&quot;size&quot;:10,&quot;sizes&quot;:[]},&quot;gap_tablet&quot;:{&quot;unit&quot;:&quot;px&quot;,&quot;size&quot;:10,&quot;sizes&quot;:[]},&quot;gap_mobile&quot;:{&quot;unit&quot;:&quot;px&quot;,&quot;size&quot;:10,&quot;sizes&quot;:[]},&quot;link_to&quot;:&quot;file&quot;,&quot;aspect_ratio&quot;:&quot;3:2&quot;,&quot;overlay_background&quot;:&quot;yes&quot;,&quot;content_hover_animation&quot;:&quot;fade-in&quot;}\" data-widget_type=\"gallery.default\">\n\t\t\t\t<div class=\"elementor-widget-container\">\n\t\t\t\t\t\t\t<div class=\"elementor-gallery__container\">\n\t\t\t\t\t\t\t<a class=\"e-gallery-item elementor-gallery-item elementor-animated-content\" href=\"https:\/\/vrtigo.hu\/wp-content\/uploads\/2025\/09\/Vader-Immortal-Episode-III-VRTIGO-4.jpg\" data-elementor-open-lightbox=\"yes\" data-elementor-lightbox-slideshow=\"ca50b42\" data-e-action-hash=\"#elementor-action%3Aaction%3Dlightbox%26settings%3DeyJpZCI6MzU5LCJ1cmwiOiJodHRwczpcL1wvdnJ0aWdvLmh1XC93cC1jb250ZW50XC91cGxvYWRzXC8yMDI1XC8wOVwvVmFkZXItSW1tb3J0YWwtRXBpc29kZS1JSUktVlJUSUdPLTQuanBnIiwic2xpZGVzaG93IjoiY2E1MGI0MiJ9\">\n\t\t\t\t\t<div class=\"e-gallery-image elementor-gallery-item__image\" data-thumbnail=\"https:\/\/vrtigo.hu\/wp-content\/uploads\/2025\/09\/Vader-Immortal-Episode-III-VRTIGO-4-1024x576.jpg\" data-width=\"800\" data-height=\"450\" aria-label=\"\" role=\"img\" ><\/div>\n\t\t\t\t\t\t\t\t\t\t\t<div class=\"elementor-gallery-item__overlay\"><\/div>\n\t\t\t\t\t\t\t\t\t\t\t\t\t\t<\/a>\n\t\t\t\t\t\t\t<a class=\"e-gallery-item elementor-gallery-item elementor-animated-content\" href=\"https:\/\/vrtigo.hu\/wp-content\/uploads\/2025\/09\/Vader-Immortal-Episode-III-VRTIGO-5.jpg\" data-elementor-open-lightbox=\"yes\" data-elementor-lightbox-slideshow=\"ca50b42\" data-e-action-hash=\"#elementor-action%3Aaction%3Dlightbox%26settings%3DeyJpZCI6MzYwLCJ1cmwiOiJodHRwczpcL1wvdnJ0aWdvLmh1XC93cC1jb250ZW50XC91cGxvYWRzXC8yMDI1XC8wOVwvVmFkZXItSW1tb3J0YWwtRXBpc29kZS1JSUktVlJUSUdPLTUuanBnIiwic2xpZGVzaG93IjoiY2E1MGI0MiJ9\">\n\t\t\t\t\t<div class=\"e-gallery-image elementor-gallery-item__image\" data-thumbnail=\"https:\/\/vrtigo.hu\/wp-content\/uploads\/2025\/09\/Vader-Immortal-Episode-III-VRTIGO-5-1024x576.jpg\" data-width=\"800\" data-height=\"450\" aria-label=\"\" role=\"img\" ><\/div>\n\t\t\t\t\t\t\t\t\t\t\t<div class=\"elementor-gallery-item__overlay\"><\/div>\n\t\t\t\t\t\t\t\t\t\t\t\t\t\t<\/a>\n\t\t\t\t\t\t\t<a class=\"e-gallery-item elementor-gallery-item elementor-animated-content\" href=\"https:\/\/vrtigo.hu\/wp-content\/uploads\/2025\/09\/Vader-Immortal-Episode-III-VRTIGO.jpg\" data-elementor-open-lightbox=\"yes\" data-elementor-lightbox-slideshow=\"ca50b42\" data-e-action-hash=\"#elementor-action%3Aaction%3Dlightbox%26settings%3DeyJpZCI6MzYxLCJ1cmwiOiJodHRwczpcL1wvdnJ0aWdvLmh1XC93cC1jb250ZW50XC91cGxvYWRzXC8yMDI1XC8wOVwvVmFkZXItSW1tb3J0YWwtRXBpc29kZS1JSUktVlJUSUdPLmpwZyIsInNsaWRlc2hvdyI6ImNhNTBiNDIifQ%3D%3D\">\n\t\t\t\t\t<div class=\"e-gallery-image elementor-gallery-item__image\" data-thumbnail=\"https:\/\/vrtigo.hu\/wp-content\/uploads\/2025\/09\/Vader-Immortal-Episode-III-VRTIGO-1024x576.jpg\" data-width=\"800\" data-height=\"450\" aria-label=\"\" role=\"img\" ><\/div>\n\t\t\t\t\t\t\t\t\t\t\t<div class=\"elementor-gallery-item__overlay\"><\/div>\n\t\t\t\t\t\t\t\t\t\t\t\t\t\t<\/a>\n\t\t\t\t\t\t\t<a class=\"e-gallery-item elementor-gallery-item elementor-animated-content\" href=\"https:\/\/vrtigo.hu\/wp-content\/uploads\/2025\/09\/Vader-Immortal-Episode-III-VRTIGO-2.jpg\" data-elementor-open-lightbox=\"yes\" data-elementor-lightbox-slideshow=\"ca50b42\" data-e-action-hash=\"#elementor-action%3Aaction%3Dlightbox%26settings%3DeyJpZCI6MzYyLCJ1cmwiOiJodHRwczpcL1wvdnJ0aWdvLmh1XC93cC1jb250ZW50XC91cGxvYWRzXC8yMDI1XC8wOVwvVmFkZXItSW1tb3J0YWwtRXBpc29kZS1JSUktVlJUSUdPLTIuanBnIiwic2xpZGVzaG93IjoiY2E1MGI0MiJ9\">\n\t\t\t\t\t<div class=\"e-gallery-image elementor-gallery-item__image\" data-thumbnail=\"https:\/\/vrtigo.hu\/wp-content\/uploads\/2025\/09\/Vader-Immortal-Episode-III-VRTIGO-2-1024x576.jpg\" data-width=\"800\" data-height=\"450\" aria-label=\"\" role=\"img\" ><\/div>\n\t\t\t\t\t\t\t\t\t\t\t<div class=\"elementor-gallery-item__overlay\"><\/div>\n\t\t\t\t\t\t\t\t\t\t\t\t\t\t<\/a>\n\t\t\t\t\t\t\t<a class=\"e-gallery-item elementor-gallery-item elementor-animated-content\" href=\"https:\/\/vrtigo.hu\/wp-content\/uploads\/2025\/09\/Vader-Immortal-Episode-III-VRTIGO-3.jpg\" data-elementor-open-lightbox=\"yes\" data-elementor-lightbox-slideshow=\"ca50b42\" data-e-action-hash=\"#elementor-action%3Aaction%3Dlightbox%26settings%3DeyJpZCI6MzYzLCJ1cmwiOiJodHRwczpcL1wvdnJ0aWdvLmh1XC93cC1jb250ZW50XC91cGxvYWRzXC8yMDI1XC8wOVwvVmFkZXItSW1tb3J0YWwtRXBpc29kZS1JSUktVlJUSUdPLTMuanBnIiwic2xpZGVzaG93IjoiY2E1MGI0MiJ9\">\n\t\t\t\t\t<div class=\"e-gallery-image elementor-gallery-item__image\" data-thumbnail=\"https:\/\/vrtigo.hu\/wp-content\/uploads\/2025\/09\/Vader-Immortal-Episode-III-VRTIGO-3-1024x576.jpg\" data-width=\"800\" data-height=\"450\" aria-label=\"\" role=\"img\" ><\/div>\n\t\t\t\t\t\t\t\t\t\t\t<div class=\"elementor-gallery-item__overlay\"><\/div>\n\t\t\t\t\t\t\t\t\t\t\t\t\t\t<\/a>\n\t\t\t\t\t<\/div>\n\t\t\t\t\t<\/div>\n\t\t\t\t<\/div>\n\t\t\t\t\t<\/div>\n\t\t<\/div>\n\t\t\t\t\t<\/div>\n\t\t<\/section>\n\t\t\t\t<\/div>","protected":false},"excerpt":{"rendered":"<p>https:\/\/www.youtube.com\/watch?v=BLG5Bgwe6J8 Vader Immortal: A Star Wars VR Series - Episode III Game description Immerse yourself in the world of Star Wars and complete your final mission in Vader Immortal: A Star Wars Series - Episode III! With an ancient lightsaber at your side and the support of the Force, you can rally an army and launch an all-out assault on Darth Vader's fortress.Face off against stormtrooper [...]<\/p>","protected":false},"author":1,"featured_media":0,"parent":0,"menu_order":0,"comment_status":"closed","ping_status":"closed","template":"elementor_header_footer","meta":{"footnotes":""},"class_list":["post-351","page","type-page","status-publish","hentry"],"yoast_head":"<!-- This site is optimized with the Yoast SEO plugin v27.3 - https:\/\/yoast.com\/product\/yoast-seo-wordpress\/ -->\n<title>Vader Immortal Episode III VR \u2013 Star Wars \u00c9lm\u00e9ny Kispesten | VRTigo<\/title>\n<meta name=\"description\" content=\"J\u00e1tssz a Vader Immortal Episode III-mal Kispesten! F\u00e9nykardp\u00e1rbaj Darth Vaderrel, Star Wars VR kaland az Er\u0151 t\u00e1mogat\u00e1s\u00e1val. Pr\u00f3b\u00e1ld ki a VRTigo teremben!\" \/>\n<meta name=\"robots\" content=\"index, follow, max-snippet:-1, max-image-preview:large, max-video-preview:-1\" \/>\n<link rel=\"canonical\" href=\"https:\/\/vrtigo.hu\/en\/vader-immortal-episode-iii\/\" \/>\n<meta property=\"og:locale\" content=\"en_US\" \/>\n<meta property=\"og:type\" content=\"article\" \/>\n<meta property=\"og:title\" content=\"Vader Immortal Episode III VR \u2013 Star Wars \u00c9lm\u00e9ny Kispesten | VRTigo\" \/>\n<meta property=\"og:description\" content=\"J\u00e1tssz a Vader Immortal Episode III-mal Kispesten! F\u00e9nykardp\u00e1rbaj Darth Vaderrel, Star Wars VR kaland az Er\u0151 t\u00e1mogat\u00e1s\u00e1val. Pr\u00f3b\u00e1ld ki a VRTigo teremben!\" \/>\n<meta property=\"og:url\" content=\"https:\/\/vrtigo.hu\/en\/vader-immortal-episode-iii\/\" \/>\n<meta property=\"og:site_name\" content=\"vrtigo.hu\" \/>\n<meta property=\"article:modified_time\" content=\"2025-12-02T23:54:07+00:00\" \/>\n<meta property=\"og:image\" content=\"https:\/\/vrtigo.hu\/wp-content\/uploads\/2025\/08\/Quote-Icon1.png\" \/>\n<meta name=\"twitter:card\" content=\"summary_large_image\" \/>\n<meta name=\"twitter:label1\" content=\"Est. reading time\" \/>\n\t<meta name=\"twitter:data1\" content=\"1 minute\" \/>\n<script type=\"application\/ld+json\" class=\"yoast-schema-graph\">{\"@context\":\"https:\\\/\\\/schema.org\",\"@graph\":[{\"@type\":\"WebPage\",\"@id\":\"https:\\\/\\\/vrtigo.hu\\\/vader-immortal-episode-iii\\\/\",\"url\":\"https:\\\/\\\/vrtigo.hu\\\/vader-immortal-episode-iii\\\/\",\"name\":\"Vader Immortal Episode III VR \u2013 Star Wars \u00c9lm\u00e9ny Kispesten | VRTigo\",\"isPartOf\":{\"@id\":\"https:\\\/\\\/vrtigo.hu\\\/#website\"},\"primaryImageOfPage\":{\"@id\":\"https:\\\/\\\/vrtigo.hu\\\/vader-immortal-episode-iii\\\/#primaryimage\"},\"image\":{\"@id\":\"https:\\\/\\\/vrtigo.hu\\\/vader-immortal-episode-iii\\\/#primaryimage\"},\"thumbnailUrl\":\"https:\\\/\\\/vrtigo.hu\\\/wp-content\\\/uploads\\\/2025\\\/08\\\/Quote-Icon1.png\",\"datePublished\":\"2025-09-26T10:04:03+00:00\",\"dateModified\":\"2025-12-02T23:54:07+00:00\",\"description\":\"J\u00e1tssz a Vader Immortal Episode III-mal Kispesten! F\u00e9nykardp\u00e1rbaj Darth Vaderrel, Star Wars VR kaland az Er\u0151 t\u00e1mogat\u00e1s\u00e1val. Pr\u00f3b\u00e1ld ki a VRTigo teremben!\",\"breadcrumb\":{\"@id\":\"https:\\\/\\\/vrtigo.hu\\\/vader-immortal-episode-iii\\\/#breadcrumb\"},\"inLanguage\":\"en-US\",\"potentialAction\":[{\"@type\":\"ReadAction\",\"target\":[\"https:\\\/\\\/vrtigo.hu\\\/vader-immortal-episode-iii\\\/\"]}]},{\"@type\":\"ImageObject\",\"inLanguage\":\"en-US\",\"@id\":\"https:\\\/\\\/vrtigo.hu\\\/vader-immortal-episode-iii\\\/#primaryimage\",\"url\":\"https:\\\/\\\/vrtigo.hu\\\/wp-content\\\/uploads\\\/2025\\\/08\\\/Quote-Icon1.png\",\"contentUrl\":\"https:\\\/\\\/vrtigo.hu\\\/wp-content\\\/uploads\\\/2025\\\/08\\\/Quote-Icon1.png\"},{\"@type\":\"BreadcrumbList\",\"@id\":\"https:\\\/\\\/vrtigo.hu\\\/vader-immortal-episode-iii\\\/#breadcrumb\",\"itemListElement\":[{\"@type\":\"ListItem\",\"position\":1,\"name\":\"Home\",\"item\":\"https:\\\/\\\/vrtigo.hu\\\/\"},{\"@type\":\"ListItem\",\"position\":2,\"name\":\"Vader Immortal: Episode III\"}]},{\"@type\":\"WebSite\",\"@id\":\"https:\\\/\\\/vrtigo.hu\\\/#website\",\"url\":\"https:\\\/\\\/vrtigo.hu\\\/\",\"name\":\"vrtigo.hu\",\"description\":\"\",\"publisher\":{\"@id\":\"https:\\\/\\\/vrtigo.hu\\\/#organization\"},\"potentialAction\":[{\"@type\":\"SearchAction\",\"target\":{\"@type\":\"EntryPoint\",\"urlTemplate\":\"https:\\\/\\\/vrtigo.hu\\\/?s={search_term_string}\"},\"query-input\":{\"@type\":\"PropertyValueSpecification\",\"valueRequired\":true,\"valueName\":\"search_term_string\"}}],\"inLanguage\":\"en-US\"},{\"@type\":\"Organization\",\"@id\":\"https:\\\/\\\/vrtigo.hu\\\/#organization\",\"name\":\"vrtigo.hu\",\"url\":\"https:\\\/\\\/vrtigo.hu\\\/\",\"logo\":{\"@type\":\"ImageObject\",\"inLanguage\":\"en-US\",\"@id\":\"https:\\\/\\\/vrtigo.hu\\\/#\\\/schema\\\/logo\\\/image\\\/\",\"url\":\"https:\\\/\\\/vrtigo.hu\\\/wp-content\\\/uploads\\\/2025\\\/09\\\/horizontalis-egyszerusitett-logo-v1-1-1-e1758701594299.png\",\"contentUrl\":\"https:\\\/\\\/vrtigo.hu\\\/wp-content\\\/uploads\\\/2025\\\/09\\\/horizontalis-egyszerusitett-logo-v1-1-1-e1758701594299.png\",\"width\":1000,\"height\":247,\"caption\":\"vrtigo.hu\"},\"image\":{\"@id\":\"https:\\\/\\\/vrtigo.hu\\\/#\\\/schema\\\/logo\\\/image\\\/\"}}]}<\/script>\n<!-- \/ Yoast SEO plugin. -->","yoast_head_json":{"title":"Vader Immortal Episode III VR \u2013 Star Wars \u00c9lm\u00e9ny Kispesten | VRTigo","description":"J\u00e1tssz a Vader Immortal Episode III-mal Kispesten! F\u00e9nykardp\u00e1rbaj Darth Vaderrel, Star Wars VR kaland az Er\u0151 t\u00e1mogat\u00e1s\u00e1val. Pr\u00f3b\u00e1ld ki a VRTigo teremben!","robots":{"index":"index","follow":"follow","max-snippet":"max-snippet:-1","max-image-preview":"max-image-preview:large","max-video-preview":"max-video-preview:-1"},"canonical":"https:\/\/vrtigo.hu\/en\/vader-immortal-episode-iii\/","og_locale":"en_US","og_type":"article","og_title":"Vader Immortal Episode III VR \u2013 Star Wars \u00c9lm\u00e9ny Kispesten | VRTigo","og_description":"J\u00e1tssz a Vader Immortal Episode III-mal Kispesten! F\u00e9nykardp\u00e1rbaj Darth Vaderrel, Star Wars VR kaland az Er\u0151 t\u00e1mogat\u00e1s\u00e1val. Pr\u00f3b\u00e1ld ki a VRTigo teremben!","og_url":"https:\/\/vrtigo.hu\/en\/vader-immortal-episode-iii\/","og_site_name":"vrtigo.hu","article_modified_time":"2025-12-02T23:54:07+00:00","og_image":[{"url":"https:\/\/vrtigo.hu\/wp-content\/uploads\/2025\/08\/Quote-Icon1.png","type":"","width":"","height":""}],"twitter_card":"summary_large_image","twitter_misc":{"Est. reading time":"1 minute"},"schema":{"@context":"https:\/\/schema.org","@graph":[{"@type":"WebPage","@id":"https:\/\/vrtigo.hu\/vader-immortal-episode-iii\/","url":"https:\/\/vrtigo.hu\/vader-immortal-episode-iii\/","name":"Vader Immortal Episode III VR \u2013 Star Wars \u00c9lm\u00e9ny Kispesten | VRTigo","isPartOf":{"@id":"https:\/\/vrtigo.hu\/#website"},"primaryImageOfPage":{"@id":"https:\/\/vrtigo.hu\/vader-immortal-episode-iii\/#primaryimage"},"image":{"@id":"https:\/\/vrtigo.hu\/vader-immortal-episode-iii\/#primaryimage"},"thumbnailUrl":"https:\/\/vrtigo.hu\/wp-content\/uploads\/2025\/08\/Quote-Icon1.png","datePublished":"2025-09-26T10:04:03+00:00","dateModified":"2025-12-02T23:54:07+00:00","description":"J\u00e1tssz a Vader Immortal Episode III-mal Kispesten! F\u00e9nykardp\u00e1rbaj Darth Vaderrel, Star Wars VR kaland az Er\u0151 t\u00e1mogat\u00e1s\u00e1val. Pr\u00f3b\u00e1ld ki a VRTigo teremben!","breadcrumb":{"@id":"https:\/\/vrtigo.hu\/vader-immortal-episode-iii\/#breadcrumb"},"inLanguage":"en-US","potentialAction":[{"@type":"ReadAction","target":["https:\/\/vrtigo.hu\/vader-immortal-episode-iii\/"]}]},{"@type":"ImageObject","inLanguage":"en-US","@id":"https:\/\/vrtigo.hu\/vader-immortal-episode-iii\/#primaryimage","url":"https:\/\/vrtigo.hu\/wp-content\/uploads\/2025\/08\/Quote-Icon1.png","contentUrl":"https:\/\/vrtigo.hu\/wp-content\/uploads\/2025\/08\/Quote-Icon1.png"},{"@type":"BreadcrumbList","@id":"https:\/\/vrtigo.hu\/vader-immortal-episode-iii\/#breadcrumb","itemListElement":[{"@type":"ListItem","position":1,"name":"Home","item":"https:\/\/vrtigo.hu\/"},{"@type":"ListItem","position":2,"name":"Vader Immortal: Episode III"}]},{"@type":"WebSite","@id":"https:\/\/vrtigo.hu\/#website","url":"https:\/\/vrtigo.hu\/","name":"vrtigo.hu","description":"","publisher":{"@id":"https:\/\/vrtigo.hu\/#organization"},"potentialAction":[{"@type":"SearchAction","target":{"@type":"EntryPoint","urlTemplate":"https:\/\/vrtigo.hu\/?s={search_term_string}"},"query-input":{"@type":"PropertyValueSpecification","valueRequired":true,"valueName":"search_term_string"}}],"inLanguage":"en-US"},{"@type":"Organization","@id":"https:\/\/vrtigo.hu\/#organization","name":"vrtigo.hu","url":"https:\/\/vrtigo.hu\/","logo":{"@type":"ImageObject","inLanguage":"en-US","@id":"https:\/\/vrtigo.hu\/#\/schema\/logo\/image\/","url":"https:\/\/vrtigo.hu\/wp-content\/uploads\/2025\/09\/horizontalis-egyszerusitett-logo-v1-1-1-e1758701594299.png","contentUrl":"https:\/\/vrtigo.hu\/wp-content\/uploads\/2025\/09\/horizontalis-egyszerusitett-logo-v1-1-1-e1758701594299.png","width":1000,"height":247,"caption":"vrtigo.hu"},"image":{"@id":"https:\/\/vrtigo.hu\/#\/schema\/logo\/image\/"}}]}},"_links":{"self":[{"href":"https:\/\/vrtigo.hu\/en\/wp-json\/wp\/v2\/pages\/351","targetHints":{"allow":["GET"]}}],"collection":[{"href":"https:\/\/vrtigo.hu\/en\/wp-json\/wp\/v2\/pages"}],"about":[{"href":"https:\/\/vrtigo.hu\/en\/wp-json\/wp\/v2\/types\/page"}],"author":[{"embeddable":true,"href":"https:\/\/vrtigo.hu\/en\/wp-json\/wp\/v2\/users\/1"}],"replies":[{"embeddable":true,"href":"https:\/\/vrtigo.hu\/en\/wp-json\/wp\/v2\/comments?post=351"}],"version-history":[{"count":13,"href":"https:\/\/vrtigo.hu\/en\/wp-json\/wp\/v2\/pages\/351\/revisions"}],"predecessor-version":[{"id":420,"href":"https:\/\/vrtigo.hu\/en\/wp-json\/wp\/v2\/pages\/351\/revisions\/420"}],"wp:attachment":[{"href":"https:\/\/vrtigo.hu\/en\/wp-json\/wp\/v2\/media?parent=351"}],"curies":[{"name":"wp","href":"https:\/\/api.w.org\/{rel}","templated":true}]}}